{"id":8061,"date":"2023-09-05T11:48:53","date_gmt":"2023-09-05T11:48:53","guid":{"rendered":"https:\/\/louefroid.com\/?page_id=8061"},"modified":"2024-03-08T09:02:21","modified_gmt":"2024-03-08T14:02:21","slug":"privacy-policy","status":"publish","type":"page","link":"https:\/\/louefroid.com\/fr\/privacy-policy\/","title":{"rendered":"Privacy Policy"},"content":{"rendered":"\t\t<div data-elementor-type=\"wp-page\" data-elementor-id=\"8061\" class=\"elementor elementor-8061 elementor-8056\" data-elementor-post-type=\"page\">\n\t\t\t\t\t\t<section class=\"elementor-section elementor-top-section elementor-element elementor-element-03fa01d elementor-section-full_width elementor-section-stretched elementor-section-height-min-height elementor-section-height-default elementor-section-items-middle elementor-invisible\" data-id=\"03fa01d\" data-element_type=\"section\" data-settings=\"{&quot;stretch_section&quot;:&quot;section-stretched&quot;,&quot;background_background&quot;:&quot;classic&quot;,&quot;shape_divider_bottom&quot;:&quot;tilt&quot;,&quot;background_motion_fx_motion_fx_scrolling&quot;:&quot;yes&quot;,&quot;background_motion_fx_scale_effect&quot;:&quot;yes&quot;,&quot;background_motion_fx_scale_direction&quot;:&quot;in-out&quot;,&quot;background_motion_fx_scale_speed&quot;:{&quot;unit&quot;:&quot;px&quot;,&quot;size&quot;:&quot;2&quot;,&quot;sizes&quot;:[]},&quot;background_motion_fx_scale_range&quot;:{&quot;unit&quot;:&quot;%&quot;,&quot;size&quot;:&quot;&quot;,&quot;sizes&quot;:{&quot;start&quot;:&quot;0&quot;,&quot;end&quot;:&quot;80&quot;}},&quot;animation&quot;:&quot;zoomIn&quot;,&quot;background_motion_fx_devices&quot;:[&quot;desktop&quot;,&quot;tablet&quot;,&quot;mobile&quot;],&quot;ekit_has_onepagescroll_dot&quot;:&quot;yes&quot;}\">\n\t\t\t\t\t\t\t<div class=\"elementor-background-overlay\"><\/div>\n\t\t\t\t\t\t<div class=\"elementor-shape elementor-shape-bottom\" aria-hidden=\"true\" data-negative=\"false\">\n\t\t\t<svg xmlns=\"http:\/\/www.w3.org\/2000\/svg\" viewBox=\"0 0 1000 100\" preserveAspectRatio=\"none\">\n\t<path class=\"elementor-shape-fill\" d=\"M0,6V0h1000v100L0,6z\"\/>\n<\/svg>\t\t<\/div>\n\t\t\t\t\t<div class=\"elementor-container elementor-column-gap-default\">\n\t\t\t\t\t<div class=\"elementor-column elementor-col-100 elementor-top-column elementor-element elementor-element-c967ea4\" data-id=\"c967ea4\" data-element_type=\"column\">\n\t\t\t<div class=\"elementor-widget-wrap elementor-element-populated\">\n\t\t\t\t\t\t<div class=\"elementor-element elementor-element-ad3e20c elementor-widget__width-initial elementor-widget elementor-widget-heading\" data-id=\"ad3e20c\" data-element_type=\"widget\" data-settings=\"{&quot;ekit_we_effect_on&quot;:&quot;none&quot;}\" data-widget_type=\"heading.default\">\n\t\t\t\t<div class=\"elementor-widget-container\">\n\t\t\t\t\t<h1 class=\"elementor-heading-title elementor-size-default\">Privacy Policy<\/h1>\t\t\t\t<\/div>\n\t\t\t\t<\/div>\n\t\t\t\t\t<\/div>\n\t\t<\/div>\n\t\t\t\t\t<\/div>\n\t\t<\/section>\n\t\t\t\t<section class=\"elementor-section elementor-top-section elementor-element elementor-element-5ce91d9 elementor-section-boxed elementor-section-height-default elementor-section-height-default\" data-id=\"5ce91d9\" data-element_type=\"section\" data-settings=\"{&quot;ekit_has_onepagescroll_dot&quot;:&quot;yes&quot;}\">\n\t\t\t\t\t\t<div class=\"elementor-container elementor-column-gap-default\">\n\t\t\t\t\t<div class=\"elementor-column elementor-col-100 elementor-top-column elementor-element elementor-element-8dcac4c\" data-id=\"8dcac4c\" data-element_type=\"column\">\n\t\t\t<div class=\"elementor-widget-wrap elementor-element-populated\">\n\t\t\t\t\t\t<div class=\"elementor-element elementor-element-01cdb9f elementor-widget elementor-widget-heading\" data-id=\"01cdb9f\" data-element_type=\"widget\" data-settings=\"{&quot;ekit_we_effect_on&quot;:&quot;none&quot;}\" data-widget_type=\"heading.default\">\n\t\t\t\t<div class=\"elementor-widget-container\">\n\t\t\t\t\t<h2 class=\"elementor-heading-title elementor-size-default\">Politique de confidentialit\u00e9 et de cookies de Loue Froid | Location HVAC<\/h2>\t\t\t\t<\/div>\n\t\t\t\t<\/div>\n\t\t\t\t<div class=\"elementor-element elementor-element-7e7827b elementor-widget elementor-widget-text-editor\" data-id=\"7e7827b\" data-element_type=\"widget\" data-settings=\"{&quot;ekit_we_effect_on&quot;:&quot;none&quot;}\" data-widget_type=\"text-editor.default\">\n\t\t\t\t<div class=\"elementor-widget-container\">\n\t\t\t\t\t\t\t\t\t<p>Chez Loue Froid | Location HVAC (\u00ab nous \u00bb, \u00ab notre \u00bb ou \u00ab nos \u00bb), nous nous engageons \u00e0 prot\u00e9ger votre vie priv\u00e9e et \u00e0 assurer la s\u00e9curit\u00e9 de vos informations personnelles. Cette politique de confidentialit\u00e9 et de cookies d\u00e9crit comment nous recueillons, utilisons et prot\u00e9geons vos donn\u00e9es lorsque vous visitez notre site web ou utilisez nos services. En utilisant notre site web ou nos services, vous acceptez les termes \u00e9nonc\u00e9s dans cette politique.<\/p>\t\t\t\t\t\t\t\t<\/div>\n\t\t\t\t<\/div>\n\t\t\t\t<div class=\"elementor-element elementor-element-61ebfbd elementor-widget elementor-widget-heading\" data-id=\"61ebfbd\" data-element_type=\"widget\" data-settings=\"{&quot;ekit_we_effect_on&quot;:&quot;none&quot;}\" data-widget_type=\"heading.default\">\n\t\t\t\t<div class=\"elementor-widget-container\">\n\t\t\t\t\t<h2 class=\"elementor-heading-title elementor-size-default\">1. Informations que nous recueillons:<\/h2>\t\t\t\t<\/div>\n\t\t\t\t<\/div>\n\t\t\t\t<div class=\"elementor-element elementor-element-f825557 elementor-widget elementor-widget-text-editor\" data-id=\"f825557\" data-element_type=\"widget\" data-settings=\"{&quot;ekit_we_effect_on&quot;:&quot;none&quot;}\" data-widget_type=\"text-editor.default\">\n\t\t\t\t<div class=\"elementor-widget-container\">\n\t\t\t\t\t\t\t\t\t<p>Nous pouvons recueillir les types d&rsquo;informations suivants :<\/p><p><strong>A. Informations personnelles:<\/strong><\/p><p><strong>Informations de contact:<\/strong> Nom, adresse, adresse e-mail, num\u00e9ro de t\u00e9l\u00e9phone et autres informations similaires.<br \/><strong>Informations de facturation:<\/strong> D\u00e9tails de la carte de cr\u00e9dit, adresse de facturation et historique des paiements.<br \/><strong>Pr\u00e9f\u00e9rences de location:<\/strong> Informations li\u00e9es \u00e0 vos pr\u00e9f\u00e9rences de location HVAC.<\/p><p><strong>B. Informations non personnelles:<\/strong><\/p><p><strong>Donn\u00e9es d&rsquo;utilisation:<\/strong> Informations sur votre interaction avec notre site web, telles que les pages visit\u00e9es, le site web de r\u00e9f\u00e9rence et le temps pass\u00e9 sur chaque page.<br \/><strong>Cookies et technologies de suivi:<\/strong> Nous utilisons des cookies et des technologies similaires pour am\u00e9liorer votre exp\u00e9rience sur notre site web. Pour plus d&rsquo;informations sur la mani\u00e8re dont nous utilisons les cookies, veuillez vous r\u00e9f\u00e9rer \u00e0 notre politique en mati\u00e8re de cookies ci-dessous.<\/p>\t\t\t\t\t\t\t\t<\/div>\n\t\t\t\t<\/div>\n\t\t\t\t<div class=\"elementor-element elementor-element-b378cc8 elementor-widget elementor-widget-heading\" data-id=\"b378cc8\" data-element_type=\"widget\" data-settings=\"{&quot;ekit_we_effect_on&quot;:&quot;none&quot;}\" data-widget_type=\"heading.default\">\n\t\t\t\t<div class=\"elementor-widget-container\">\n\t\t\t\t\t<h2 class=\"elementor-heading-title elementor-size-default\">2. Comment nous utilisons vos informations:<\/h2>\t\t\t\t<\/div>\n\t\t\t\t<\/div>\n\t\t\t\t<div class=\"elementor-element elementor-element-770e292 elementor-widget elementor-widget-text-editor\" data-id=\"770e292\" data-element_type=\"widget\" data-settings=\"{&quot;ekit_we_effect_on&quot;:&quot;none&quot;}\" data-widget_type=\"text-editor.default\">\n\t\t\t\t<div class=\"elementor-widget-container\">\n\t\t\t\t\t\t\t\t\t<p>Nous pouvons utiliser vos informations \u00e0 des fins suivantes :<\/p><p><strong>Prestation de services:<\/strong> Pour traiter les demandes de location HVAC, g\u00e9rer les paiements et ex\u00e9cuter les commandes.<br \/><strong>Communication:<\/strong> Pour r\u00e9pondre \u00e0 vos demandes, envoyer des e-mails transactionnels et fournir un support client.<br \/><strong>Marketing:<\/strong> Pour envoyer des documents promotionnels et des mises \u00e0 jour sur nos services que nous pensons susceptibles de vous int\u00e9resser.<br \/><strong>Analyse:<\/strong> Pour analyser les sch\u00e9mas d&rsquo;utilisation du site web, am\u00e9liorer la fonctionnalit\u00e9 de notre site et am\u00e9liorer l&rsquo;exp\u00e9rience utilisateur.<br \/><strong>Conformit\u00e9 l\u00e9gale:<\/strong> Pour respecter les obligations l\u00e9gales et prot\u00e9ger nos droits et int\u00e9r\u00eats.<\/p>\t\t\t\t\t\t\t\t<\/div>\n\t\t\t\t<\/div>\n\t\t\t\t<div class=\"elementor-element elementor-element-c3c4c2f elementor-widget elementor-widget-heading\" data-id=\"c3c4c2f\" data-element_type=\"widget\" data-settings=\"{&quot;ekit_we_effect_on&quot;:&quot;none&quot;}\" data-widget_type=\"heading.default\">\n\t\t\t\t<div class=\"elementor-widget-container\">\n\t\t\t\t\t<h2 class=\"elementor-heading-title elementor-size-default\">3. Divulgation de vos informations:<\/h2>\t\t\t\t<\/div>\n\t\t\t\t<\/div>\n\t\t\t\t<div class=\"elementor-element elementor-element-358b64f elementor-widget elementor-widget-text-editor\" data-id=\"358b64f\" data-element_type=\"widget\" data-settings=\"{&quot;ekit_we_effect_on&quot;:&quot;none&quot;}\" data-widget_type=\"text-editor.default\">\n\t\t\t\t<div class=\"elementor-widget-container\">\n\t\t\t\t\t\t\t\t\t<p>Nous pouvons partager vos informations avec :<\/p><p><strong>Prestataires de services:<\/strong> Des partenaires et prestataires de services tiers qui nous aident \u00e0 fournir nos services.<br \/><strong>Autorit\u00e9s l\u00e9gales:<\/strong> Lorsque requis par la loi ou en r\u00e9ponse \u00e0 des demandes l\u00e9gales valides.<br \/><strong>Transferts commerciaux:<\/strong> En cas de fusion, d&rsquo;acquisition ou de vente de nos actifs, vos informations peuvent \u00eatre transf\u00e9r\u00e9es \u00e0 l&rsquo;entit\u00e9 acqu\u00e9reuse.<\/p>\t\t\t\t\t\t\t\t<\/div>\n\t\t\t\t<\/div>\n\t\t\t\t<div class=\"elementor-element elementor-element-729b39c elementor-widget elementor-widget-heading\" data-id=\"729b39c\" data-element_type=\"widget\" data-settings=\"{&quot;ekit_we_effect_on&quot;:&quot;none&quot;}\" data-widget_type=\"heading.default\">\n\t\t\t\t<div class=\"elementor-widget-container\">\n\t\t\t\t\t<h2 class=\"elementor-heading-title elementor-size-default\">4. Vos choix:<\/h2>\t\t\t\t<\/div>\n\t\t\t\t<\/div>\n\t\t\t\t<div class=\"elementor-element elementor-element-04fc5c1 elementor-widget elementor-widget-text-editor\" data-id=\"04fc5c1\" data-element_type=\"widget\" data-settings=\"{&quot;ekit_we_effect_on&quot;:&quot;none&quot;}\" data-widget_type=\"text-editor.default\">\n\t\t\t\t<div class=\"elementor-widget-container\">\n\t\t\t\t\t\t\t\t\t<p>Vous pouvez g\u00e9rer vos pr\u00e9f\u00e9rences concernant les communications de notre part en utilisant le lien \u00ab\u00a0se d\u00e9sabonner\u00a0\u00bb dans nos e-mails ou en nous contactant directement. Vous pouvez \u00e9galement ajuster les param\u00e8tres de votre navigateur pour bloquer les cookies, mais cela pourrait affecter votre exp\u00e9rience sur notre site web.<\/p>\t\t\t\t\t\t\t\t<\/div>\n\t\t\t\t<\/div>\n\t\t\t\t<div class=\"elementor-element elementor-element-6179172 elementor-widget elementor-widget-heading\" data-id=\"6179172\" data-element_type=\"widget\" data-settings=\"{&quot;ekit_we_effect_on&quot;:&quot;none&quot;}\" data-widget_type=\"heading.default\">\n\t\t\t\t<div class=\"elementor-widget-container\">\n\t\t\t\t\t<h2 class=\"elementor-heading-title elementor-size-default\">5. S\u00e9curit\u00e9 des donn\u00e9es:<\/h2>\t\t\t\t<\/div>\n\t\t\t\t<\/div>\n\t\t\t\t<div class=\"elementor-element elementor-element-08a97e2 elementor-widget elementor-widget-text-editor\" data-id=\"08a97e2\" data-element_type=\"widget\" data-settings=\"{&quot;ekit_we_effect_on&quot;:&quot;none&quot;}\" data-widget_type=\"text-editor.default\">\n\t\t\t\t<div class=\"elementor-widget-container\">\n\t\t\t\t\t\t\t\t\t<p>Nous mettons en place des mesures de s\u00e9curit\u00e9 conformes aux normes de l&rsquo;industrie pour prot\u00e9ger vos informations personnelles contre tout acc\u00e8s, divulgation, alt\u00e9ration ou destruction non autoris\u00e9s.<\/p>\t\t\t\t\t\t\t\t<\/div>\n\t\t\t\t<\/div>\n\t\t\t\t<div class=\"elementor-element elementor-element-742a10f elementor-widget elementor-widget-heading\" data-id=\"742a10f\" data-element_type=\"widget\" data-settings=\"{&quot;ekit_we_effect_on&quot;:&quot;none&quot;}\" data-widget_type=\"heading.default\">\n\t\t\t\t<div class=\"elementor-widget-container\">\n\t\t\t\t\t<h2 class=\"elementor-heading-title elementor-size-default\">6. Vos droits:<\/h2>\t\t\t\t<\/div>\n\t\t\t\t<\/div>\n\t\t\t\t<div class=\"elementor-element elementor-element-bad0f7f elementor-widget elementor-widget-text-editor\" data-id=\"bad0f7f\" data-element_type=\"widget\" data-settings=\"{&quot;ekit_we_effect_on&quot;:&quot;none&quot;}\" data-widget_type=\"text-editor.default\">\n\t\t\t\t<div class=\"elementor-widget-container\">\n\t\t\t\t\t\t\t\t\t<p>You have the right to access, update, and correct your personal information. If you wish to exercise these rights or have any concerns about your data, please contact us using the information provided below.<\/p>\t\t\t\t\t\t\t\t<\/div>\n\t\t\t\t<\/div>\n\t\t\t\t<div class=\"elementor-element elementor-element-81bafe2 elementor-widget elementor-widget-heading\" data-id=\"81bafe2\" data-element_type=\"widget\" data-settings=\"{&quot;ekit_we_effect_on&quot;:&quot;none&quot;}\" data-widget_type=\"heading.default\">\n\t\t\t\t<div class=\"elementor-widget-container\">\n\t\t\t\t\t<h2 class=\"elementor-heading-title elementor-size-default\">7. Modifications de cette politique:<\/h2>\t\t\t\t<\/div>\n\t\t\t\t<\/div>\n\t\t\t\t<div class=\"elementor-element elementor-element-f3592ef elementor-widget elementor-widget-text-editor\" data-id=\"f3592ef\" data-element_type=\"widget\" data-settings=\"{&quot;ekit_we_effect_on&quot;:&quot;none&quot;}\" data-widget_type=\"text-editor.default\">\n\t\t\t\t<div class=\"elementor-widget-container\">\n\t\t\t\t\t\t\t\t\t<p>Nous nous r\u00e9servons le droit de mettre \u00e0 jour cette politique de confidentialit\u00e9 et de cookies au besoin. Tous les changements seront affich\u00e9s sur notre site web, et la politique mise \u00e0 jour sera applicable d\u00e8s sa publication.<\/p>\t\t\t\t\t\t\t\t<\/div>\n\t\t\t\t<\/div>\n\t\t\t\t<div class=\"elementor-element elementor-element-b63b4f8 elementor-widget elementor-widget-heading\" data-id=\"b63b4f8\" data-element_type=\"widget\" data-settings=\"{&quot;ekit_we_effect_on&quot;:&quot;none&quot;}\" data-widget_type=\"heading.default\">\n\t\t\t\t<div class=\"elementor-widget-container\">\n\t\t\t\t\t<h2 class=\"elementor-heading-title elementor-size-default\">8. Contactez-nous:<\/h2>\t\t\t\t<\/div>\n\t\t\t\t<\/div>\n\t\t\t\t<div class=\"elementor-element elementor-element-186ff19 elementor-widget elementor-widget-text-editor\" data-id=\"186ff19\" data-element_type=\"widget\" data-settings=\"{&quot;ekit_we_effect_on&quot;:&quot;none&quot;}\" data-widget_type=\"text-editor.default\">\n\t\t\t\t<div class=\"elementor-widget-container\">\n\t\t\t\t\t\t\t\t\t<p>Si vous avez des questions, des pr\u00e9occupations ou des demandes concernant vos informations personnelles ou cette politique, veuillez nous contacter \u00e0 :<\/p><p>Loue Froid | HVAC Rentals<br \/>Address: <a href=\"https:\/\/goo.gl\/maps\/qns1Vw3CHxvR9Z9a7\">195 boulevard Bellerose Ouest, H7L 6A1, Laval, QC<\/a><br \/>Email: <a href=\"mailto:info@loue-froid.com\">info@loue-froid.com<\/a><br \/>Phone: <a href=\"tel:1-855-219-9009\">1-855-219-9009<\/a><\/p>\t\t\t\t\t\t\t\t<\/div>\n\t\t\t\t<\/div>\n\t\t\t\t<div class=\"elementor-element elementor-element-7b9fe59 elementor-widget elementor-widget-heading\" data-id=\"7b9fe59\" data-element_type=\"widget\" data-settings=\"{&quot;ekit_we_effect_on&quot;:&quot;none&quot;}\" data-widget_type=\"heading.default\">\n\t\t\t\t<div class=\"elementor-widget-container\">\n\t\t\t\t\t<h2 class=\"elementor-heading-title elementor-size-default\">Politique en mati\u00e8re de cookies:<\/h2>\t\t\t\t<\/div>\n\t\t\t\t<\/div>\n\t\t\t\t<div class=\"elementor-element elementor-element-d987fcb elementor-widget elementor-widget-text-editor\" data-id=\"d987fcb\" data-element_type=\"widget\" data-settings=\"{&quot;ekit_we_effect_on&quot;:&quot;none&quot;}\" data-widget_type=\"text-editor.default\">\n\t\t\t\t<div class=\"elementor-widget-container\">\n\t\t\t\t\t\t\t\t\t<p>Pour des informations d\u00e9taill\u00e9es sur la mani\u00e8re dont nous utilisons les cookies et les technologies similaires, veuillez vous r\u00e9f\u00e9rer \u00e0 notre politique en mati\u00e8re de cookies distincte.<\/p><p>Cette politique de confidentialit\u00e9 et de cookies a \u00e9t\u00e9 mise \u00e0 jour pour la derni\u00e8re fois le 15 ao\u00fbt 2023.<\/p>\t\t\t\t\t\t\t\t<\/div>\n\t\t\t\t<\/div>\n\t\t\t\t\t<\/div>\n\t\t<\/div>\n\t\t\t\t\t<\/div>\n\t\t<\/section>\n\t\t\t\t<\/div>\n\t\t","protected":false},"excerpt":{"rendered":"<p>Privacy Policy Politique de confidentialit\u00e9 et de cookies de Loue Froid | Location HVAC Chez Loue Froid | Location HVAC (\u00ab nous \u00bb, \u00ab notre \u00bb ou \u00ab nos \u00bb), nous nous engageons \u00e0 prot\u00e9ger votre vie priv\u00e9e et \u00e0 assurer la s\u00e9curit\u00e9 de vos informations personnelles. Cette politique de confidentialit\u00e9 et de cookies d\u00e9crit [&hellip;]<\/p>\n","protected":false},"author":17,"featured_media":0,"parent":0,"menu_order":0,"comment_status":"closed","ping_status":"closed","template":"elementor_header_footer","meta":{"_acf_changed":false,"inline_featured_image":false,"footnotes":""},"class_list":["post-8061","page","type-page","status-publish","hentry"],"acf":[],"yoast_head":"<!-- This site is optimized with the Yoast SEO plugin v26.8 - https:\/\/yoast.com\/product\/yoast-seo-wordpress\/ -->\n<title>Privacy Policy - Loue Froid<\/title>\n<meta name=\"robots\" content=\"index, follow, max-snippet:-1, max-image-preview:large, max-video-preview:-1\" \/>\n<link rel=\"canonical\" href=\"https:\/\/loufred.tempurl.host\/fr\/privacy-policy\/\" \/>\n<meta property=\"og:locale\" content=\"fr_FR\" \/>\n<meta property=\"og:type\" content=\"article\" \/>\n<meta property=\"og:title\" content=\"Privacy Policy - Loue Froid\" \/>\n<meta property=\"og:description\" content=\"Privacy Policy Politique de confidentialit\u00e9 et de cookies de Loue Froid | Location HVAC Chez Loue Froid | Location HVAC (\u00ab nous \u00bb, \u00ab notre \u00bb ou \u00ab nos \u00bb), nous nous engageons \u00e0 prot\u00e9ger votre vie priv\u00e9e et \u00e0 assurer la s\u00e9curit\u00e9 de vos informations personnelles. Cette politique de confidentialit\u00e9 et de cookies d\u00e9crit [&hellip;]\" \/>\n<meta property=\"og:url\" content=\"https:\/\/loufred.tempurl.host\/fr\/privacy-policy\/\" \/>\n<meta property=\"og:site_name\" content=\"Loue Froid\" \/>\n<meta property=\"article:publisher\" content=\"https:\/\/www.facebook.com\/louefroid\/\" \/>\n<meta property=\"article:modified_time\" content=\"2024-03-08T14:02:21+00:00\" \/>\n<meta property=\"og:image\" content=\"https:\/\/louefroid.com\/wp-content\/uploads\/2024\/03\/round-logo_loue-froid.png\" \/>\n\t<meta property=\"og:image:width\" content=\"541\" \/>\n\t<meta property=\"og:image:height\" content=\"541\" \/>\n\t<meta property=\"og:image:type\" content=\"image\/png\" \/>\n<meta name=\"twitter:card\" content=\"summary_large_image\" \/>\n<meta name=\"twitter:label1\" content=\"Dur\u00e9e de lecture estim\u00e9e\" \/>\n\t<meta name=\"twitter:data1\" content=\"3 minutes\" \/>\n<script type=\"application\/ld+json\" class=\"yoast-schema-graph\">{\"@context\":\"https:\/\/schema.org\",\"@graph\":[{\"@type\":\"WebPage\",\"@id\":\"https:\/\/loufred.tempurl.host\/fr\/privacy-policy\/\",\"url\":\"https:\/\/loufred.tempurl.host\/fr\/privacy-policy\/\",\"name\":\"Privacy Policy - Loue Froid\",\"isPartOf\":{\"@id\":\"https:\/\/loufred.tempurl.host\/#website\"},\"datePublished\":\"2023-09-05T11:48:53+00:00\",\"dateModified\":\"2024-03-08T14:02:21+00:00\",\"breadcrumb\":{\"@id\":\"https:\/\/loufred.tempurl.host\/fr\/privacy-policy\/#breadcrumb\"},\"inLanguage\":\"fr-FR\",\"potentialAction\":[{\"@type\":\"ReadAction\",\"target\":[\"https:\/\/loufred.tempurl.host\/fr\/privacy-policy\/\"]}]},{\"@type\":\"BreadcrumbList\",\"@id\":\"https:\/\/loufred.tempurl.host\/fr\/privacy-policy\/#breadcrumb\",\"itemListElement\":[{\"@type\":\"ListItem\",\"position\":1,\"name\":\"Home\",\"item\":\"https:\/\/loufred.tempurl.host\/\"},{\"@type\":\"ListItem\",\"position\":2,\"name\":\"Privacy Policy\"}]},{\"@type\":\"WebSite\",\"@id\":\"https:\/\/loufred.tempurl.host\/#website\",\"url\":\"https:\/\/loufred.tempurl.host\/\",\"name\":\"Loue Froid\",\"description\":\"Le ma\u00eetre de la temp\u00e9rature\",\"publisher\":{\"@id\":\"https:\/\/loufred.tempurl.host\/#organization\"},\"potentialAction\":[{\"@type\":\"SearchAction\",\"target\":{\"@type\":\"EntryPoint\",\"urlTemplate\":\"https:\/\/loufred.tempurl.host\/?s={search_term_string}\"},\"query-input\":{\"@type\":\"PropertyValueSpecification\",\"valueRequired\":true,\"valueName\":\"search_term_string\"}}],\"inLanguage\":\"fr-FR\"},{\"@type\":\"Organization\",\"@id\":\"https:\/\/loufred.tempurl.host\/#organization\",\"name\":\"LOUE FROID\",\"url\":\"https:\/\/loufred.tempurl.host\/\",\"logo\":{\"@type\":\"ImageObject\",\"inLanguage\":\"fr-FR\",\"@id\":\"https:\/\/loufred.tempurl.host\/#\/schema\/logo\/image\/\",\"url\":\"https:\/\/louefroid.com\/wp-content\/uploads\/2021\/11\/round-logo_loue-froid.png\",\"contentUrl\":\"https:\/\/louefroid.com\/wp-content\/uploads\/2021\/11\/round-logo_loue-froid.png\",\"width\":541,\"height\":541,\"caption\":\"LOUE FROID\"},\"image\":{\"@id\":\"https:\/\/loufred.tempurl.host\/#\/schema\/logo\/image\/\"},\"sameAs\":[\"https:\/\/www.facebook.com\/louefroid\/\"]}]}<\/script>\n<!-- \/ Yoast SEO plugin. -->","yoast_head_json":{"title":"Privacy Policy - Loue Froid","robots":{"index":"index","follow":"follow","max-snippet":"max-snippet:-1","max-image-preview":"max-image-preview:large","max-video-preview":"max-video-preview:-1"},"canonical":"https:\/\/loufred.tempurl.host\/fr\/privacy-policy\/","og_locale":"fr_FR","og_type":"article","og_title":"Privacy Policy - Loue Froid","og_description":"Privacy Policy Politique de confidentialit\u00e9 et de cookies de Loue Froid | Location HVAC Chez Loue Froid | Location HVAC (\u00ab nous \u00bb, \u00ab notre \u00bb ou \u00ab nos \u00bb), nous nous engageons \u00e0 prot\u00e9ger votre vie priv\u00e9e et \u00e0 assurer la s\u00e9curit\u00e9 de vos informations personnelles. Cette politique de confidentialit\u00e9 et de cookies d\u00e9crit [&hellip;]","og_url":"https:\/\/loufred.tempurl.host\/fr\/privacy-policy\/","og_site_name":"Loue Froid","article_publisher":"https:\/\/www.facebook.com\/louefroid\/","article_modified_time":"2024-03-08T14:02:21+00:00","og_image":[{"width":541,"height":541,"url":"https:\/\/louefroid.com\/wp-content\/uploads\/2024\/03\/round-logo_loue-froid.png","type":"image\/png"}],"twitter_card":"summary_large_image","twitter_misc":{"Dur\u00e9e de lecture estim\u00e9e":"3 minutes"},"schema":{"@context":"https:\/\/schema.org","@graph":[{"@type":"WebPage","@id":"https:\/\/loufred.tempurl.host\/fr\/privacy-policy\/","url":"https:\/\/loufred.tempurl.host\/fr\/privacy-policy\/","name":"Privacy Policy - Loue Froid","isPartOf":{"@id":"https:\/\/loufred.tempurl.host\/#website"},"datePublished":"2023-09-05T11:48:53+00:00","dateModified":"2024-03-08T14:02:21+00:00","breadcrumb":{"@id":"https:\/\/loufred.tempurl.host\/fr\/privacy-policy\/#breadcrumb"},"inLanguage":"fr-FR","potentialAction":[{"@type":"ReadAction","target":["https:\/\/loufred.tempurl.host\/fr\/privacy-policy\/"]}]},{"@type":"BreadcrumbList","@id":"https:\/\/loufred.tempurl.host\/fr\/privacy-policy\/#breadcrumb","itemListElement":[{"@type":"ListItem","position":1,"name":"Home","item":"https:\/\/loufred.tempurl.host\/"},{"@type":"ListItem","position":2,"name":"Privacy Policy"}]},{"@type":"WebSite","@id":"https:\/\/loufred.tempurl.host\/#website","url":"https:\/\/loufred.tempurl.host\/","name":"Loue Froid","description":"Le ma\u00eetre de la temp\u00e9rature","publisher":{"@id":"https:\/\/loufred.tempurl.host\/#organization"},"potentialAction":[{"@type":"SearchAction","target":{"@type":"EntryPoint","urlTemplate":"https:\/\/loufred.tempurl.host\/?s={search_term_string}"},"query-input":{"@type":"PropertyValueSpecification","valueRequired":true,"valueName":"search_term_string"}}],"inLanguage":"fr-FR"},{"@type":"Organization","@id":"https:\/\/loufred.tempurl.host\/#organization","name":"LOUE FROID","url":"https:\/\/loufred.tempurl.host\/","logo":{"@type":"ImageObject","inLanguage":"fr-FR","@id":"https:\/\/loufred.tempurl.host\/#\/schema\/logo\/image\/","url":"https:\/\/louefroid.com\/wp-content\/uploads\/2021\/11\/round-logo_loue-froid.png","contentUrl":"https:\/\/louefroid.com\/wp-content\/uploads\/2021\/11\/round-logo_loue-froid.png","width":541,"height":541,"caption":"LOUE FROID"},"image":{"@id":"https:\/\/loufred.tempurl.host\/#\/schema\/logo\/image\/"},"sameAs":["https:\/\/www.facebook.com\/louefroid\/"]}]}},"_links":{"self":[{"href":"https:\/\/louefroid.com\/fr\/wp-json\/wp\/v2\/pages\/8061","targetHints":{"allow":["GET"]}}],"collection":[{"href":"https:\/\/louefroid.com\/fr\/wp-json\/wp\/v2\/pages"}],"about":[{"href":"https:\/\/louefroid.com\/fr\/wp-json\/wp\/v2\/types\/page"}],"author":[{"embeddable":true,"href":"https:\/\/louefroid.com\/fr\/wp-json\/wp\/v2\/users\/17"}],"replies":[{"embeddable":true,"href":"https:\/\/louefroid.com\/fr\/wp-json\/wp\/v2\/comments?post=8061"}],"version-history":[{"count":0,"href":"https:\/\/louefroid.com\/fr\/wp-json\/wp\/v2\/pages\/8061\/revisions"}],"wp:attachment":[{"href":"https:\/\/louefroid.com\/fr\/wp-json\/wp\/v2\/media?parent=8061"}],"curies":[{"name":"wp","href":"https:\/\/api.w.org\/{rel}","templated":true}]}}