{"id":8078,"date":"2023-09-05T14:26:55","date_gmt":"2023-09-05T14:26:55","guid":{"rendered":"https:\/\/louefroid.com\/?page_id=8078"},"modified":"2024-03-08T09:07:36","modified_gmt":"2024-03-08T14:07:36","slug":"terms-conditions","status":"publish","type":"page","link":"https:\/\/louefroid.com\/fr\/terms-conditions\/","title":{"rendered":"Terms &#038; conditions"},"content":{"rendered":"\t\t<div data-elementor-type=\"wp-page\" data-elementor-id=\"8078\" class=\"elementor elementor-8078 elementor-8070\" data-elementor-post-type=\"page\">\n\t\t\t\t\t\t<section class=\"elementor-section elementor-top-section elementor-element elementor-element-a4dbdf1 elementor-section-full_width elementor-section-stretched elementor-section-height-min-height elementor-section-height-default elementor-section-items-middle elementor-invisible\" data-id=\"a4dbdf1\" data-element_type=\"section\" data-settings=\"{&quot;stretch_section&quot;:&quot;section-stretched&quot;,&quot;background_background&quot;:&quot;classic&quot;,&quot;shape_divider_bottom&quot;:&quot;tilt&quot;,&quot;background_motion_fx_motion_fx_scrolling&quot;:&quot;yes&quot;,&quot;background_motion_fx_scale_effect&quot;:&quot;yes&quot;,&quot;background_motion_fx_scale_direction&quot;:&quot;in-out&quot;,&quot;background_motion_fx_scale_speed&quot;:{&quot;unit&quot;:&quot;px&quot;,&quot;size&quot;:&quot;2&quot;,&quot;sizes&quot;:[]},&quot;background_motion_fx_scale_range&quot;:{&quot;unit&quot;:&quot;%&quot;,&quot;size&quot;:&quot;&quot;,&quot;sizes&quot;:{&quot;start&quot;:&quot;0&quot;,&quot;end&quot;:&quot;80&quot;}},&quot;animation&quot;:&quot;zoomIn&quot;,&quot;background_motion_fx_devices&quot;:[&quot;desktop&quot;,&quot;tablet&quot;,&quot;mobile&quot;],&quot;ekit_has_onepagescroll_dot&quot;:&quot;yes&quot;}\">\n\t\t\t\t\t\t\t<div class=\"elementor-background-overlay\"><\/div>\n\t\t\t\t\t\t<div class=\"elementor-shape elementor-shape-bottom\" aria-hidden=\"true\" data-negative=\"false\">\n\t\t\t<svg xmlns=\"http:\/\/www.w3.org\/2000\/svg\" viewBox=\"0 0 1000 100\" preserveAspectRatio=\"none\">\n\t<path class=\"elementor-shape-fill\" d=\"M0,6V0h1000v100L0,6z\"\/>\n<\/svg>\t\t<\/div>\n\t\t\t\t\t<div class=\"elementor-container elementor-column-gap-default\">\n\t\t\t\t\t<div class=\"elementor-column elementor-col-100 elementor-top-column elementor-element elementor-element-aceced1\" data-id=\"aceced1\" data-element_type=\"column\">\n\t\t\t<div class=\"elementor-widget-wrap elementor-element-populated\">\n\t\t\t\t\t\t<div class=\"elementor-element elementor-element-742ddaf elementor-widget__width-initial elementor-widget elementor-widget-heading\" data-id=\"742ddaf\" data-element_type=\"widget\" data-settings=\"{&quot;ekit_we_effect_on&quot;:&quot;none&quot;}\" data-widget_type=\"heading.default\">\n\t\t\t\t<div class=\"elementor-widget-container\">\n\t\t\t\t\t<h1 class=\"elementor-heading-title elementor-size-default\">Terms &amp; Conditions<\/h1>\t\t\t\t<\/div>\n\t\t\t\t<\/div>\n\t\t\t\t\t<\/div>\n\t\t<\/div>\n\t\t\t\t\t<\/div>\n\t\t<\/section>\n\t\t\t\t<section class=\"elementor-section elementor-top-section elementor-element elementor-element-95f0885 elementor-section-boxed elementor-section-height-default elementor-section-height-default\" data-id=\"95f0885\" data-element_type=\"section\" data-settings=\"{&quot;ekit_has_onepagescroll_dot&quot;:&quot;yes&quot;}\">\n\t\t\t\t\t\t<div class=\"elementor-container elementor-column-gap-default\">\n\t\t\t\t\t<div class=\"elementor-column elementor-col-100 elementor-top-column elementor-element elementor-element-36867c2 elementor-invisible\" data-id=\"36867c2\" data-element_type=\"column\" data-settings=\"{&quot;animation&quot;:&quot;zoomIn&quot;}\">\n\t\t\t<div class=\"elementor-widget-wrap elementor-element-populated\">\n\t\t\t\t\t\t<div class=\"elementor-element elementor-element-a970dd1 elementor-widget elementor-widget-heading\" data-id=\"a970dd1\" data-element_type=\"widget\" data-settings=\"{&quot;ekit_we_effect_on&quot;:&quot;none&quot;}\" data-widget_type=\"heading.default\">\n\t\t\t\t<div class=\"elementor-widget-container\">\n\t\t\t\t\t<h2 class=\"elementor-heading-title elementor-size-default\">1. Consentement \u00e0 Recevoir la Newsletter:<\/h2>\t\t\t\t<\/div>\n\t\t\t\t<\/div>\n\t\t\t\t<div class=\"elementor-element elementor-element-18a9ff4 elementor-widget elementor-widget-text-editor\" data-id=\"18a9ff4\" data-element_type=\"widget\" data-settings=\"{&quot;ekit_we_effect_on&quot;:&quot;none&quot;}\" data-widget_type=\"text-editor.default\">\n\t\t\t\t<div class=\"elementor-widget-container\">\n\t\t\t\t\t\t\t\t\t<p>En vous abonnant \u00e0 notre newsletter, vous reconnaissez et acceptez les termes et conditions \u00e9nonc\u00e9s ci-dessous. Si vous n&rsquo;acceptez pas ces termes, veuillez ne pas vous abonner \u00e0 notre newsletter.<\/p>\t\t\t\t\t\t\t\t<\/div>\n\t\t\t\t<\/div>\n\t\t\t\t<div class=\"elementor-element elementor-element-9df9645 elementor-widget elementor-widget-heading\" data-id=\"9df9645\" data-element_type=\"widget\" data-settings=\"{&quot;ekit_we_effect_on&quot;:&quot;none&quot;}\" data-widget_type=\"heading.default\">\n\t\t\t\t<div class=\"elementor-widget-container\">\n\t\t\t\t\t<h2 class=\"elementor-heading-title elementor-size-default\">2. Collecte et Utilisation des Adresses E-mail:<\/h2>\t\t\t\t<\/div>\n\t\t\t\t<\/div>\n\t\t\t\t<div class=\"elementor-element elementor-element-35bd9b6 elementor-widget elementor-widget-text-editor\" data-id=\"35bd9b6\" data-element_type=\"widget\" data-settings=\"{&quot;ekit_we_effect_on&quot;:&quot;none&quot;}\" data-widget_type=\"text-editor.default\">\n\t\t\t\t<div class=\"elementor-widget-container\">\n\t\t\t\t\t\t\t\t\t<p>A. Loue Froid | Location HVAC (\u00ab\u00a0nous,\u00a0\u00bb \u00ab\u00a0notre,\u00a0\u00bb ou \u00ab\u00a0nos\u00a0\u00bb) collecte votre adresse e-mail dans le but de vous envoyer des newsletters contenant des informations sur nos produits, services, promotions et mises \u00e0 jour.<\/p><p>B. Votre adresse e-mail sera conserv\u00e9e en toute s\u00e9curit\u00e9 et ne sera pas partag\u00e9e, vendue ou lou\u00e9e \u00e0 des tiers \u00e0 des fins de marketing.<\/p>\t\t\t\t\t\t\t\t<\/div>\n\t\t\t\t<\/div>\n\t\t\t\t<div class=\"elementor-element elementor-element-4fc101c elementor-widget elementor-widget-heading\" data-id=\"4fc101c\" data-element_type=\"widget\" data-settings=\"{&quot;ekit_we_effect_on&quot;:&quot;none&quot;}\" data-widget_type=\"heading.default\">\n\t\t\t\t<div class=\"elementor-widget-container\">\n\t\t\t\t\t<h2 class=\"elementor-heading-title elementor-size-default\">3. Consentement et Opt-In:<\/h2>\t\t\t\t<\/div>\n\t\t\t\t<\/div>\n\t\t\t\t<div class=\"elementor-element elementor-element-dc2c4f4 elementor-widget elementor-widget-text-editor\" data-id=\"dc2c4f4\" data-element_type=\"widget\" data-settings=\"{&quot;ekit_we_effect_on&quot;:&quot;none&quot;}\" data-widget_type=\"text-editor.default\">\n\t\t\t\t<div class=\"elementor-widget-container\">\n\t\t\t\t\t\t\t\t\t<p>A. En fournissant votre adresse e-mail et en vous abonnant \u00e0 notre newsletter, vous nous donnez un consentement explicite pour vous envoyer des e-mails promotionnels et informatifs.<\/p><p>B. Vous pouvez vous d\u00e9sabonner de notre newsletter \u00e0 tout moment en utilisant le lien \u00ab\u00a0se d\u00e9sabonner\u00a0\u00bb fourni dans l&rsquo;e-mail ou en nous contactant directement.<\/p>\t\t\t\t\t\t\t\t<\/div>\n\t\t\t\t<\/div>\n\t\t\t\t<div class=\"elementor-element elementor-element-894c9c3 elementor-widget elementor-widget-heading\" data-id=\"894c9c3\" data-element_type=\"widget\" data-settings=\"{&quot;ekit_we_effect_on&quot;:&quot;none&quot;}\" data-widget_type=\"heading.default\">\n\t\t\t\t<div class=\"elementor-widget-container\">\n\t\t\t\t\t<h2 class=\"elementor-heading-title elementor-size-default\">4. Fr\u00e9quence des E-mails:<\/h2>\t\t\t\t<\/div>\n\t\t\t\t<\/div>\n\t\t\t\t<div class=\"elementor-element elementor-element-c62da32 elementor-widget elementor-widget-text-editor\" data-id=\"c62da32\" data-element_type=\"widget\" data-settings=\"{&quot;ekit_we_effect_on&quot;:&quot;none&quot;}\" data-widget_type=\"text-editor.default\">\n\t\t\t\t<div class=\"elementor-widget-container\">\n\t\t\t\t\t\t\t\t\t<p>A. Nous nous effor\u00e7ons d&rsquo;envoyer un contenu pertinent et pr\u00e9cieux \u00e0 nos abonn\u00e9s.<\/p><p>B. La fr\u00e9quence de nos e-mails de newsletter peut varier, mais nous visons g\u00e9n\u00e9ralement \u00e0 les envoyer de mani\u00e8re p\u00e9riodique.<\/p>\t\t\t\t\t\t\t\t<\/div>\n\t\t\t\t<\/div>\n\t\t\t\t<div class=\"elementor-element elementor-element-b2a8c9f elementor-widget elementor-widget-heading\" data-id=\"b2a8c9f\" data-element_type=\"widget\" data-settings=\"{&quot;ekit_we_effect_on&quot;:&quot;none&quot;}\" data-widget_type=\"heading.default\">\n\t\t\t\t<div class=\"elementor-widget-container\">\n\t\t\t\t\t<h2 class=\"elementor-heading-title elementor-size-default\">5. Confidentialit\u00e9 et Protection des Donn\u00e9es:<\/h2>\t\t\t\t<\/div>\n\t\t\t\t<\/div>\n\t\t\t\t<div class=\"elementor-element elementor-element-01db2ee elementor-widget elementor-widget-text-editor\" data-id=\"01db2ee\" data-element_type=\"widget\" data-settings=\"{&quot;ekit_we_effect_on&quot;:&quot;none&quot;}\" data-widget_type=\"text-editor.default\">\n\t\t\t\t<div class=\"elementor-widget-container\">\n\t\t\t\t\t\t\t\t\t<p>Vos informations personnelles, y compris votre adresse e-mail, sont collect\u00e9es et utilis\u00e9es conform\u00e9ment \u00e0 notre Politique de Confidentialit\u00e9 et de Cookies. En vous abonnant \u00e0 notre newsletter, vous consentez \u00e0 la collecte et \u00e0 l&rsquo;utilisation de vos informations telles qu&rsquo;elles sont d\u00e9crites dans la politique.<\/p>\t\t\t\t\t\t\t\t<\/div>\n\t\t\t\t<\/div>\n\t\t\t\t<div class=\"elementor-element elementor-element-813e5e6 elementor-widget elementor-widget-heading\" data-id=\"813e5e6\" data-element_type=\"widget\" data-settings=\"{&quot;ekit_we_effect_on&quot;:&quot;none&quot;}\" data-widget_type=\"heading.default\">\n\t\t\t\t<div class=\"elementor-widget-container\">\n\t\t\t\t\t<h2 class=\"elementor-heading-title elementor-size-default\">6. Modification de l'Abonnement:<\/h2>\t\t\t\t<\/div>\n\t\t\t\t<\/div>\n\t\t\t\t<div class=\"elementor-element elementor-element-dc1912b elementor-widget elementor-widget-text-editor\" data-id=\"dc1912b\" data-element_type=\"widget\" data-settings=\"{&quot;ekit_we_effect_on&quot;:&quot;none&quot;}\" data-widget_type=\"text-editor.default\">\n\t\t\t\t<div class=\"elementor-widget-container\">\n\t\t\t\t\t\t\t\t\t<p>Vous avez la possibilit\u00e9 de mettre \u00e0 jour vos pr\u00e9f\u00e9rences d&rsquo;abonnement \u00e0 tout moment. Si vous souhaitez modifier votre adresse e-mail ou mettre \u00e0 jour vos pr\u00e9f\u00e9rences d&rsquo;abonnement, veuillez utiliser les liens fournis dans l&rsquo;e-mail de la newsletter ou nous contacter directement.<\/p>\t\t\t\t\t\t\t\t<\/div>\n\t\t\t\t<\/div>\n\t\t\t\t<div class=\"elementor-element elementor-element-2447dcf elementor-widget elementor-widget-heading\" data-id=\"2447dcf\" data-element_type=\"widget\" data-settings=\"{&quot;ekit_we_effect_on&quot;:&quot;none&quot;}\" data-widget_type=\"heading.default\">\n\t\t\t\t<div class=\"elementor-widget-container\">\n\t\t\t\t\t<h2 class=\"elementor-heading-title elementor-size-default\">7. D\u00e9sabonnemen:<\/h2>\t\t\t\t<\/div>\n\t\t\t\t<\/div>\n\t\t\t\t<div class=\"elementor-element elementor-element-d8fbce4 elementor-widget elementor-widget-text-editor\" data-id=\"d8fbce4\" data-element_type=\"widget\" data-settings=\"{&quot;ekit_we_effect_on&quot;:&quot;none&quot;}\" data-widget_type=\"text-editor.default\">\n\t\t\t\t<div class=\"elementor-widget-container\">\n\t\t\t\t\t\t\t\t\t<p>A. Si vous ne souhaitez plus recevoir notre newsletter, vous pouvez vous d\u00e9sabonner en cliquant sur le lien \u00ab\u00a0se d\u00e9sabonner\u00a0\u00bb en bas de n&rsquo;importe quel e-mail de la newsletter.<\/p><p>B. Se d\u00e9sabonner de notre newsletter n&rsquo;affectera pas votre capacit\u00e9 \u00e0 recevoir les e-mails transactionnels li\u00e9s \u00e0 nos services.<\/p>\t\t\t\t\t\t\t\t<\/div>\n\t\t\t\t<\/div>\n\t\t\t\t<div class=\"elementor-element elementor-element-62d0414 elementor-widget elementor-widget-heading\" data-id=\"62d0414\" data-element_type=\"widget\" data-settings=\"{&quot;ekit_we_effect_on&quot;:&quot;none&quot;}\" data-widget_type=\"heading.default\">\n\t\t\t\t<div class=\"elementor-widget-container\">\n\t\t\t\t\t<h2 class=\"elementor-heading-title elementor-size-default\">8. Informations de Contact:<\/h2>\t\t\t\t<\/div>\n\t\t\t\t<\/div>\n\t\t\t\t<div class=\"elementor-element elementor-element-dab4d6a elementor-widget elementor-widget-text-editor\" data-id=\"dab4d6a\" data-element_type=\"widget\" data-settings=\"{&quot;ekit_we_effect_on&quot;:&quot;none&quot;}\" data-widget_type=\"text-editor.default\">\n\t\t\t\t<div class=\"elementor-widget-container\">\n\t\t\t\t\t\t\t\t\t<p>Si vous avez des questions, des pr\u00e9occupations ou des demandes concernant votre abonnement \u00e0 notre newsletter ou ces termes et conditions, veuillez nous contacter \u00e0:<\/p><p>Loue Froid | HVAC Rentals<br \/>Address: <a href=\"https:\/\/goo.gl\/maps\/qns1Vw3CHxvR9Z9a7\">195 boulevard Bellerose Ouest, H7L 6A1, Laval, QC<\/a><br \/>Email: <a href=\"mailto:info@loue-froid.com\">info@loue-froid.com<\/a><br \/>Phone: <a href=\"tel:1-855-219-9009\">1-855-219-9009<\/a><\/p>\t\t\t\t\t\t\t\t<\/div>\n\t\t\t\t<\/div>\n\t\t\t\t<div class=\"elementor-element elementor-element-96537e5 elementor-widget elementor-widget-heading\" data-id=\"96537e5\" data-element_type=\"widget\" data-settings=\"{&quot;ekit_we_effect_on&quot;:&quot;none&quot;}\" data-widget_type=\"heading.default\">\n\t\t\t\t<div class=\"elementor-widget-container\">\n\t\t\t\t\t<h2 class=\"elementor-heading-title elementor-size-default\">9. Modifications et Mises \u00e0 Jour:<\/h2>\t\t\t\t<\/div>\n\t\t\t\t<\/div>\n\t\t\t\t<div class=\"elementor-element elementor-element-19b0e8a elementor-widget elementor-widget-text-editor\" data-id=\"19b0e8a\" data-element_type=\"widget\" data-settings=\"{&quot;ekit_we_effect_on&quot;:&quot;none&quot;}\" data-widget_type=\"text-editor.default\">\n\t\t\t\t<div class=\"elementor-widget-container\">\n\t\t\t\t\t\t\t\t\t<p>Nous nous r\u00e9servons le droit de modifier ou de mettre \u00e0 jour ces Conditions d&rsquo;Abonnement \u00e0 la Newsletter \u00e0 tout moment. Les termes mis \u00e0 jour seront publi\u00e9s sur notre site web et s&rsquo;appliqueront \u00e0 toutes les interactions ult\u00e9rieures li\u00e9es \u00e0 notre newsletter.<\/p><p>En vous abonnant \u00e0 notre newsletter, vous acceptez de respecter et d&rsquo;\u00eatre li\u00e9 par ces termes et conditions. Ces Conditions d&rsquo;Abonnement \u00e0 la Newsletter ont \u00e9t\u00e9 mises \u00e0 jour pour la derni\u00e8re fois le 15 ao\u00fbt 2023.<\/p>\t\t\t\t\t\t\t\t<\/div>\n\t\t\t\t<\/div>\n\t\t\t\t\t<\/div>\n\t\t<\/div>\n\t\t\t\t\t<\/div>\n\t\t<\/section>\n\t\t\t\t<\/div>\n\t\t","protected":false},"excerpt":{"rendered":"<p>Terms &amp; Conditions 1. Consentement \u00e0 Recevoir la Newsletter: En vous abonnant \u00e0 notre newsletter, vous reconnaissez et acceptez les termes et conditions \u00e9nonc\u00e9s ci-dessous. Si vous n&rsquo;acceptez pas ces termes, veuillez ne pas vous abonner \u00e0 notre newsletter. 2. Collecte et Utilisation des Adresses E-mail: A. Loue Froid | Location HVAC (\u00ab\u00a0nous,\u00a0\u00bb \u00ab\u00a0notre,\u00a0\u00bb ou [&hellip;]<\/p>\n","protected":false},"author":17,"featured_media":0,"parent":0,"menu_order":0,"comment_status":"closed","ping_status":"closed","template":"elementor_header_footer","meta":{"_acf_changed":false,"inline_featured_image":false,"footnotes":""},"class_list":["post-8078","page","type-page","status-publish","hentry"],"acf":[],"yoast_head":"<!-- This site is optimized with the Yoast SEO plugin v26.8 - https:\/\/yoast.com\/product\/yoast-seo-wordpress\/ -->\n<title>Terms &amp; conditions - Loue Froid<\/title>\n<meta name=\"robots\" content=\"index, follow, max-snippet:-1, max-image-preview:large, max-video-preview:-1\" \/>\n<link rel=\"canonical\" href=\"https:\/\/loufred.tempurl.host\/fr\/terms-conditions\/\" \/>\n<meta property=\"og:locale\" content=\"fr_FR\" \/>\n<meta property=\"og:type\" content=\"article\" \/>\n<meta property=\"og:title\" content=\"Terms &amp; conditions - Loue Froid\" \/>\n<meta property=\"og:description\" content=\"Terms &amp; Conditions 1. Consentement \u00e0 Recevoir la Newsletter: En vous abonnant \u00e0 notre newsletter, vous reconnaissez et acceptez les termes et conditions \u00e9nonc\u00e9s ci-dessous. Si vous n&rsquo;acceptez pas ces termes, veuillez ne pas vous abonner \u00e0 notre newsletter. 2. Collecte et Utilisation des Adresses E-mail: A. Loue Froid | Location HVAC (\u00ab\u00a0nous,\u00a0\u00bb \u00ab\u00a0notre,\u00a0\u00bb ou [&hellip;]\" \/>\n<meta property=\"og:url\" content=\"https:\/\/loufred.tempurl.host\/fr\/terms-conditions\/\" \/>\n<meta property=\"og:site_name\" content=\"Loue Froid\" \/>\n<meta property=\"article:publisher\" content=\"https:\/\/www.facebook.com\/louefroid\/\" \/>\n<meta property=\"article:modified_time\" content=\"2024-03-08T14:07:36+00:00\" \/>\n<meta property=\"og:image\" content=\"https:\/\/louefroid.com\/wp-content\/uploads\/2024\/03\/round-logo_loue-froid.png\" \/>\n\t<meta property=\"og:image:width\" content=\"541\" \/>\n\t<meta property=\"og:image:height\" content=\"541\" \/>\n\t<meta property=\"og:image:type\" content=\"image\/png\" \/>\n<meta name=\"twitter:card\" content=\"summary_large_image\" \/>\n<meta name=\"twitter:label1\" content=\"Dur\u00e9e de lecture estim\u00e9e\" \/>\n\t<meta name=\"twitter:data1\" content=\"3 minutes\" \/>\n<script type=\"application\/ld+json\" class=\"yoast-schema-graph\">{\"@context\":\"https:\/\/schema.org\",\"@graph\":[{\"@type\":\"WebPage\",\"@id\":\"https:\/\/loufred.tempurl.host\/fr\/terms-conditions\/\",\"url\":\"https:\/\/loufred.tempurl.host\/fr\/terms-conditions\/\",\"name\":\"Terms & conditions - Loue Froid\",\"isPartOf\":{\"@id\":\"https:\/\/loufred.tempurl.host\/#website\"},\"datePublished\":\"2023-09-05T14:26:55+00:00\",\"dateModified\":\"2024-03-08T14:07:36+00:00\",\"breadcrumb\":{\"@id\":\"https:\/\/loufred.tempurl.host\/fr\/terms-conditions\/#breadcrumb\"},\"inLanguage\":\"fr-FR\",\"potentialAction\":[{\"@type\":\"ReadAction\",\"target\":[\"https:\/\/loufred.tempurl.host\/fr\/terms-conditions\/\"]}]},{\"@type\":\"BreadcrumbList\",\"@id\":\"https:\/\/loufred.tempurl.host\/fr\/terms-conditions\/#breadcrumb\",\"itemListElement\":[{\"@type\":\"ListItem\",\"position\":1,\"name\":\"Home\",\"item\":\"https:\/\/loufred.tempurl.host\/\"},{\"@type\":\"ListItem\",\"position\":2,\"name\":\"Terms &#038; conditions\"}]},{\"@type\":\"WebSite\",\"@id\":\"https:\/\/loufred.tempurl.host\/#website\",\"url\":\"https:\/\/loufred.tempurl.host\/\",\"name\":\"Loue Froid\",\"description\":\"Le ma\u00eetre de la temp\u00e9rature\",\"publisher\":{\"@id\":\"https:\/\/loufred.tempurl.host\/#organization\"},\"potentialAction\":[{\"@type\":\"SearchAction\",\"target\":{\"@type\":\"EntryPoint\",\"urlTemplate\":\"https:\/\/loufred.tempurl.host\/?s={search_term_string}\"},\"query-input\":{\"@type\":\"PropertyValueSpecification\",\"valueRequired\":true,\"valueName\":\"search_term_string\"}}],\"inLanguage\":\"fr-FR\"},{\"@type\":\"Organization\",\"@id\":\"https:\/\/loufred.tempurl.host\/#organization\",\"name\":\"LOUE FROID\",\"url\":\"https:\/\/loufred.tempurl.host\/\",\"logo\":{\"@type\":\"ImageObject\",\"inLanguage\":\"fr-FR\",\"@id\":\"https:\/\/loufred.tempurl.host\/#\/schema\/logo\/image\/\",\"url\":\"https:\/\/louefroid.com\/wp-content\/uploads\/2021\/11\/round-logo_loue-froid.png\",\"contentUrl\":\"https:\/\/louefroid.com\/wp-content\/uploads\/2021\/11\/round-logo_loue-froid.png\",\"width\":541,\"height\":541,\"caption\":\"LOUE FROID\"},\"image\":{\"@id\":\"https:\/\/loufred.tempurl.host\/#\/schema\/logo\/image\/\"},\"sameAs\":[\"https:\/\/www.facebook.com\/louefroid\/\"]}]}<\/script>\n<!-- \/ Yoast SEO plugin. -->","yoast_head_json":{"title":"Terms & conditions - Loue Froid","robots":{"index":"index","follow":"follow","max-snippet":"max-snippet:-1","max-image-preview":"max-image-preview:large","max-video-preview":"max-video-preview:-1"},"canonical":"https:\/\/loufred.tempurl.host\/fr\/terms-conditions\/","og_locale":"fr_FR","og_type":"article","og_title":"Terms & conditions - Loue Froid","og_description":"Terms &amp; Conditions 1. Consentement \u00e0 Recevoir la Newsletter: En vous abonnant \u00e0 notre newsletter, vous reconnaissez et acceptez les termes et conditions \u00e9nonc\u00e9s ci-dessous. Si vous n&rsquo;acceptez pas ces termes, veuillez ne pas vous abonner \u00e0 notre newsletter. 2. Collecte et Utilisation des Adresses E-mail: A. Loue Froid | Location HVAC (\u00ab\u00a0nous,\u00a0\u00bb \u00ab\u00a0notre,\u00a0\u00bb ou [&hellip;]","og_url":"https:\/\/loufred.tempurl.host\/fr\/terms-conditions\/","og_site_name":"Loue Froid","article_publisher":"https:\/\/www.facebook.com\/louefroid\/","article_modified_time":"2024-03-08T14:07:36+00:00","og_image":[{"width":541,"height":541,"url":"https:\/\/louefroid.com\/wp-content\/uploads\/2024\/03\/round-logo_loue-froid.png","type":"image\/png"}],"twitter_card":"summary_large_image","twitter_misc":{"Dur\u00e9e de lecture estim\u00e9e":"3 minutes"},"schema":{"@context":"https:\/\/schema.org","@graph":[{"@type":"WebPage","@id":"https:\/\/loufred.tempurl.host\/fr\/terms-conditions\/","url":"https:\/\/loufred.tempurl.host\/fr\/terms-conditions\/","name":"Terms & conditions - Loue Froid","isPartOf":{"@id":"https:\/\/loufred.tempurl.host\/#website"},"datePublished":"2023-09-05T14:26:55+00:00","dateModified":"2024-03-08T14:07:36+00:00","breadcrumb":{"@id":"https:\/\/loufred.tempurl.host\/fr\/terms-conditions\/#breadcrumb"},"inLanguage":"fr-FR","potentialAction":[{"@type":"ReadAction","target":["https:\/\/loufred.tempurl.host\/fr\/terms-conditions\/"]}]},{"@type":"BreadcrumbList","@id":"https:\/\/loufred.tempurl.host\/fr\/terms-conditions\/#breadcrumb","itemListElement":[{"@type":"ListItem","position":1,"name":"Home","item":"https:\/\/loufred.tempurl.host\/"},{"@type":"ListItem","position":2,"name":"Terms &#038; conditions"}]},{"@type":"WebSite","@id":"https:\/\/loufred.tempurl.host\/#website","url":"https:\/\/loufred.tempurl.host\/","name":"Loue Froid","description":"Le ma\u00eetre de la temp\u00e9rature","publisher":{"@id":"https:\/\/loufred.tempurl.host\/#organization"},"potentialAction":[{"@type":"SearchAction","target":{"@type":"EntryPoint","urlTemplate":"https:\/\/loufred.tempurl.host\/?s={search_term_string}"},"query-input":{"@type":"PropertyValueSpecification","valueRequired":true,"valueName":"search_term_string"}}],"inLanguage":"fr-FR"},{"@type":"Organization","@id":"https:\/\/loufred.tempurl.host\/#organization","name":"LOUE FROID","url":"https:\/\/loufred.tempurl.host\/","logo":{"@type":"ImageObject","inLanguage":"fr-FR","@id":"https:\/\/loufred.tempurl.host\/#\/schema\/logo\/image\/","url":"https:\/\/louefroid.com\/wp-content\/uploads\/2021\/11\/round-logo_loue-froid.png","contentUrl":"https:\/\/louefroid.com\/wp-content\/uploads\/2021\/11\/round-logo_loue-froid.png","width":541,"height":541,"caption":"LOUE FROID"},"image":{"@id":"https:\/\/loufred.tempurl.host\/#\/schema\/logo\/image\/"},"sameAs":["https:\/\/www.facebook.com\/louefroid\/"]}]}},"_links":{"self":[{"href":"https:\/\/louefroid.com\/fr\/wp-json\/wp\/v2\/pages\/8078","targetHints":{"allow":["GET"]}}],"collection":[{"href":"https:\/\/louefroid.com\/fr\/wp-json\/wp\/v2\/pages"}],"about":[{"href":"https:\/\/louefroid.com\/fr\/wp-json\/wp\/v2\/types\/page"}],"author":[{"embeddable":true,"href":"https:\/\/louefroid.com\/fr\/wp-json\/wp\/v2\/users\/17"}],"replies":[{"embeddable":true,"href":"https:\/\/louefroid.com\/fr\/wp-json\/wp\/v2\/comments?post=8078"}],"version-history":[{"count":0,"href":"https:\/\/louefroid.com\/fr\/wp-json\/wp\/v2\/pages\/8078\/revisions"}],"wp:attachment":[{"href":"https:\/\/louefroid.com\/fr\/wp-json\/wp\/v2\/media?parent=8078"}],"curies":[{"name":"wp","href":"https:\/\/api.w.org\/{rel}","templated":true}]}}